{"id":798,"date":"2022-10-26T10:25:45","date_gmt":"2022-10-26T13:25:45","guid":{"rendered":"https:\/\/krdevices.com\/inicio\/?page_id=798"},"modified":"2024-01-04T13:53:26","modified_gmt":"2024-01-04T16:53:26","slug":"kr-d-14-a","status":"publish","type":"page","link":"https:\/\/krdevices.com\/inicio\/index.php\/kr-d-14-a\/","title":{"rendered":"KR-D-14-A"},"content":{"rendered":"\n<h2 class=\"wp-block-heading has-x-large-font-size\"><strong>Fluj\u00f3metro Digital<\/strong><\/h2>\n\n\n\n<div class=\"wp-block-media-text alignwide has-media-on-the-right is-stacked-on-mobile\"><div class=\"wp-block-media-text__content\">\n<p class=\"has-medium-font-size\">Permite controlar el flujo de toberas, calibrar inyectores piezoelectricos, electrov\u00e1lvulas de caudal, plaquetas y m\u00e1s&#8230;<\/p>\n\n\n\n<div style=\"height:23px\" aria-hidden=\"true\" class=\"wp-block-spacer\"><\/div>\n\n\n\n<p class=\"has-text-align-center has-medium-font-size\">INNOVACI\u00d3N<\/p>\n\n\n\n<p class=\"has-text-align-center\"><strong>LANZAMIENTO  OCUTBRE  2022<\/strong><\/p>\n<\/div><figure class=\"wp-block-media-text__media\"><img loading=\"lazy\" decoding=\"async\" width=\"926\" height=\"767\" src=\"https:\/\/krdevices.com\/inicio\/wp-content\/uploads\/2024\/01\/FV-imagen50.png\" alt=\"\" class=\"wp-image-1013 size-full\" srcset=\"https:\/\/krdevices.com\/inicio\/wp-content\/uploads\/2024\/01\/FV-imagen50.png 926w, https:\/\/krdevices.com\/inicio\/wp-content\/uploads\/2024\/01\/FV-imagen50-300x248.png 300w, https:\/\/krdevices.com\/inicio\/wp-content\/uploads\/2024\/01\/FV-imagen50-768x636.png 768w\" sizes=\"auto, (max-width: 926px) 100vw, 926px\" \/><\/figure><\/div>\n\n\n\n<div style=\"height:62px\" aria-hidden=\"true\" class=\"wp-block-spacer\"><\/div>\n\n\n\n<div class=\"wp-block-columns is-layout-flex wp-container-core-columns-is-layout-9d6595d7 wp-block-columns-is-layout-flex\">\n<div class=\"wp-block-column is-layout-flow wp-block-column-is-layout-flow\">\n<h4 style=\"text-align: center;\">Resoluci\u00f3n<\/h4>\n<p style=\"text-align: center;\">Alta resoluci\u00f3n de medici\u00f3n de flujo<\/p>\n<\/div>\n\n\n\n<div class=\"wp-block-column is-layout-flow wp-block-column-is-layout-flow\">\n<h4 style=\"text-align: center;\">Preciso<\/h4>\n<p style=\"text-align: center;\">Medici\u00f3n precisa y confiable en un amplio rango<\/p>\n<\/div>\n\n\n\n<div class=\"wp-block-column is-layout-flow wp-block-column-is-layout-flow\">\n<h4 style=\"text-align: center;\">Cero error de lectura<\/h4>\n<p style=\"text-align: center;\">Display digital que elimina errores de lectura en comparaci\u00f3n a los fluj\u00f3metros convencionales<\/p>\n<\/div>\n<\/div>\n\n\n\n<div class=\"wp-block-columns is-layout-flex wp-container-core-columns-is-layout-9d6595d7 wp-block-columns-is-layout-flex\">\n<div class=\"wp-block-column is-layout-flow wp-block-column-is-layout-flow\" style=\"flex-basis:50%\">\n<figure class=\"wp-block-image size-large is-resized\"><img loading=\"lazy\" decoding=\"async\" width=\"1024\" height=\"819\" src=\"https:\/\/krdevices.com\/inicio\/wp-content\/uploads\/2024\/01\/FV-imagen49-1024x819.png\" alt=\"\" class=\"wp-image-1026\" style=\"width:512px;height:426px\" srcset=\"https:\/\/krdevices.com\/inicio\/wp-content\/uploads\/2024\/01\/FV-imagen49-1024x819.png 1024w, https:\/\/krdevices.com\/inicio\/wp-content\/uploads\/2024\/01\/FV-imagen49-300x240.png 300w, https:\/\/krdevices.com\/inicio\/wp-content\/uploads\/2024\/01\/FV-imagen49-768x614.png 768w, https:\/\/krdevices.com\/inicio\/wp-content\/uploads\/2024\/01\/FV-imagen49-1536x1228.png 1536w, https:\/\/krdevices.com\/inicio\/wp-content\/uploads\/2024\/01\/FV-imagen49.png 2018w\" sizes=\"auto, (max-width: 1024px) 100vw, 1024px\" \/><\/figure>\n<\/div>\n\n\n\n<div class=\"wp-block-column is-layout-flow wp-block-column-is-layout-flow\" style=\"flex-basis:50%\">\n<div style=\"height:163px\" aria-hidden=\"true\" class=\"wp-block-spacer\"><\/div>\n\n\n\n<p class=\"has-text-align-center\" style=\"font-size:30px\"><strong>En conjunto con el equipo <a href=\"https:\/\/krdevices.com\/inicio\/index.php\/kr-d-12-a\/\" title=\"\">KR-D-12-A <\/a>permite una calibraci\u00f3n muy precisa de los inyectores piezoel\u00e9ctricos.<\/strong>  <\/p>\n<\/div>\n<\/div>\n\n\n\n<div class=\"wp-block-columns is-layout-flex wp-container-core-columns-is-layout-9d6595d7 wp-block-columns-is-layout-flex\">\n<div class=\"wp-block-column is-layout-flow wp-block-column-is-layout-flow\" style=\"flex-basis:50%\">\n<div style=\"height:202px\" aria-hidden=\"true\" class=\"wp-block-spacer\"><\/div>\n\n\n\n<p class=\"has-text-align-center\" style=\"font-size:30px\"><strong>Permite controlar el rendimiento en caudal de las toberas de inyecci\u00f3n.<\/strong><\/p>\n<\/div>\n\n\n\n<div class=\"wp-block-column is-layout-flow wp-block-column-is-layout-flow\" style=\"flex-basis:50%\">\n<figure class=\"wp-block-image size-large is-resized\"><img loading=\"lazy\" decoding=\"async\" width=\"1024\" height=\"819\" src=\"https:\/\/krdevices.com\/inicio\/wp-content\/uploads\/2024\/01\/FV-imagen47-1024x819.png\" alt=\"\" class=\"wp-image-1027\" style=\"aspect-ratio:1.2018779342723005;width:494px;height:auto\" srcset=\"https:\/\/krdevices.com\/inicio\/wp-content\/uploads\/2024\/01\/FV-imagen47-1024x819.png 1024w, https:\/\/krdevices.com\/inicio\/wp-content\/uploads\/2024\/01\/FV-imagen47-300x240.png 300w, https:\/\/krdevices.com\/inicio\/wp-content\/uploads\/2024\/01\/FV-imagen47-768x614.png 768w, https:\/\/krdevices.com\/inicio\/wp-content\/uploads\/2024\/01\/FV-imagen47-1536x1228.png 1536w, https:\/\/krdevices.com\/inicio\/wp-content\/uploads\/2024\/01\/FV-imagen47.png 2018w\" sizes=\"auto, (max-width: 1024px) 100vw, 1024px\" \/><\/figure>\n<\/div>\n<\/div>\n\n\n\n<div class=\"wp-block-columns is-layout-flex wp-container-core-columns-is-layout-9d6595d7 wp-block-columns-is-layout-flex\">\n<div class=\"wp-block-column is-layout-flow wp-block-column-is-layout-flow\" style=\"flex-basis:50%\">\n<figure class=\"wp-block-image size-large is-resized\"><img loading=\"lazy\" decoding=\"async\" width=\"1024\" height=\"595\" src=\"https:\/\/krdevices.com\/inicio\/wp-content\/uploads\/2024\/01\/FV-imagen53-1024x595.png\" alt=\"\" class=\"wp-image-1028\" style=\"width:494px;height:auto\" srcset=\"https:\/\/krdevices.com\/inicio\/wp-content\/uploads\/2024\/01\/FV-imagen53-1024x595.png 1024w, https:\/\/krdevices.com\/inicio\/wp-content\/uploads\/2024\/01\/FV-imagen53-300x174.png 300w, https:\/\/krdevices.com\/inicio\/wp-content\/uploads\/2024\/01\/FV-imagen53-768x446.png 768w, https:\/\/krdevices.com\/inicio\/wp-content\/uploads\/2024\/01\/FV-imagen53-1536x893.png 1536w, https:\/\/krdevices.com\/inicio\/wp-content\/uploads\/2024\/01\/FV-imagen53.png 1679w\" sizes=\"auto, (max-width: 1024px) 100vw, 1024px\" \/><\/figure>\n<\/div>\n\n\n\n<div class=\"wp-block-column is-layout-flow wp-block-column-is-layout-flow\" style=\"flex-basis:50%\">\n<div style=\"height:37px\" aria-hidden=\"true\" class=\"wp-block-spacer\"><\/div>\n\n\n\n<p class=\"has-text-align-center\" style=\"font-size:30px\"><strong>Permite medir plaquetas Denso de 1<sup>ra<\/sup>, 2<sup>da<\/sup> y 3<sup>ra<\/sup> gen.<\/strong><\/p>\n\n\n<div class=\"wp-block-image\">\n<figure class=\"aligncenter size-thumbnail\"><img loading=\"lazy\" decoding=\"async\" width=\"150\" height=\"150\" src=\"https:\/\/krdevices.com\/inicio\/wp-content\/uploads\/2024\/01\/FV-imagen51-edited-150x150.png\" alt=\"\" class=\"wp-image-1030\"\/><\/figure>\n<\/div><\/div>\n<\/div>\n\n\n\n<div style=\"height:36px\" aria-hidden=\"true\" class=\"wp-block-spacer\"><\/div>\n\n\n\n<h2 class=\"wp-block-heading\">Accesorios Incluidos<\/h2>\n\n\n\n<div class=\"wp-block-columns is-layout-flex wp-container-core-columns-is-layout-9d6595d7 wp-block-columns-is-layout-flex\">\n<div class=\"wp-block-column is-layout-flow wp-block-column-is-layout-flow\"><div class=\"wp-block-image\">\n<figure class=\"aligncenter size-large\"><img loading=\"lazy\" decoding=\"async\" width=\"1024\" height=\"234\" src=\"https:\/\/krdevices.com\/inicio\/wp-content\/uploads\/2022\/10\/FV-imagen41-1024x234.png\" alt=\"\" class=\"wp-image-803\" srcset=\"https:\/\/krdevices.com\/inicio\/wp-content\/uploads\/2022\/10\/FV-imagen41-1024x234.png 1024w, https:\/\/krdevices.com\/inicio\/wp-content\/uploads\/2022\/10\/FV-imagen41-300x69.png 300w, https:\/\/krdevices.com\/inicio\/wp-content\/uploads\/2022\/10\/FV-imagen41-768x176.png 768w, https:\/\/krdevices.com\/inicio\/wp-content\/uploads\/2022\/10\/FV-imagen41-1536x351.png 1536w, https:\/\/krdevices.com\/inicio\/wp-content\/uploads\/2022\/10\/FV-imagen41-2048x469.png 2048w\" sizes=\"auto, (max-width: 1024px) 100vw, 1024px\" \/><\/figure>\n<\/div><\/div>\n<\/div>\n\n\n\n<div style=\"height:36px\" aria-hidden=\"true\" class=\"wp-block-spacer\"><\/div>\n\n\n\n<div class=\"wp-block-cover alignfull\" style=\"min-height:320px;aspect-ratio:unset;\"><span aria-hidden=\"true\" class=\"wp-block-cover__background has-nv-dark-bg-background-color has-background-dim-100 has-background-dim\"><\/span><div class=\"wp-block-cover__inner-container is-layout-flow wp-block-cover-is-layout-flow\">\n<div style=\"height:13px\" aria-hidden=\"true\" class=\"wp-block-spacer\"><\/div>\n\n\n\n<h2 class=\"wp-block-heading has-text-align-center has-nv-text-dark-bg-color has-text-color\">PRIMEROS EN DESARROLLO <\/h2>\n\n\n\n<p class=\"has-text-align-center has-medium-font-size\">Estamos en continuo desarrollo de herramientas para lograr mejores resultados en la reparaci\u00f3n y diagn\u00f3stico automotriz. <\/p>\n\n\n\n<div class=\"wp-block-buttons is-horizontal is-content-justification-center is-layout-flex wp-container-core-buttons-is-layout-499968f5 wp-block-buttons-is-layout-flex\"><\/div>\n\n\n\n<div style=\"height:8px\" aria-hidden=\"true\" class=\"wp-block-spacer\"><\/div>\n<\/div><\/div>\n","protected":false},"excerpt":{"rendered":"<p>Fluj\u00f3metro Digital Resoluci\u00f3n Alta resoluci\u00f3n de medici\u00f3n de flujo Preciso Medici\u00f3n precisa y confiable en un amplio rango Cero error de lectura Display digital que elimina errores de lectura en comparaci\u00f3n a los fluj\u00f3metros convencionales En conjunto con el equipo KR-D-12-A permite una calibraci\u00f3n muy precisa de los inyectores piezoel\u00e9ctricos. Permite controlar el rendimiento en&hellip;&nbsp;<a href=\"https:\/\/krdevices.com\/inicio\/index.php\/kr-d-14-a\/\" class=\"\" rel=\"bookmark\">Leer m\u00e1s &raquo;<span class=\"screen-reader-text\">KR-D-14-A<\/span><\/a><\/p>\n","protected":false},"author":1,"featured_media":0,"parent":0,"menu_order":0,"comment_status":"closed","ping_status":"closed","template":"","meta":{"om_disable_all_campaigns":false,"_monsterinsights_skip_tracking":false,"_monsterinsights_sitenote_active":false,"_monsterinsights_sitenote_note":"","_monsterinsights_sitenote_category":0,"neve_meta_sidebar":"full-width","neve_meta_container":"","neve_meta_enable_content_width":"on","neve_meta_content_width":100,"neve_meta_title_alignment":"","neve_meta_author_avatar":"","neve_post_elements_order":"","neve_meta_disable_header":"","neve_meta_disable_footer":"","neve_meta_disable_title":"","footnotes":""},"class_list":["post-798","page","type-page","status-publish","hentry"],"aioseo_notices":[],"_links":{"self":[{"href":"https:\/\/krdevices.com\/inicio\/index.php\/wp-json\/wp\/v2\/pages\/798","targetHints":{"allow":["GET"]}}],"collection":[{"href":"https:\/\/krdevices.com\/inicio\/index.php\/wp-json\/wp\/v2\/pages"}],"about":[{"href":"https:\/\/krdevices.com\/inicio\/index.php\/wp-json\/wp\/v2\/types\/page"}],"author":[{"embeddable":true,"href":"https:\/\/krdevices.com\/inicio\/index.php\/wp-json\/wp\/v2\/users\/1"}],"replies":[{"embeddable":true,"href":"https:\/\/krdevices.com\/inicio\/index.php\/wp-json\/wp\/v2\/comments?post=798"}],"version-history":[{"count":6,"href":"https:\/\/krdevices.com\/inicio\/index.php\/wp-json\/wp\/v2\/pages\/798\/revisions"}],"predecessor-version":[{"id":1036,"href":"https:\/\/krdevices.com\/inicio\/index.php\/wp-json\/wp\/v2\/pages\/798\/revisions\/1036"}],"wp:attachment":[{"href":"https:\/\/krdevices.com\/inicio\/index.php\/wp-json\/wp\/v2\/media?parent=798"}],"curies":[{"name":"wp","href":"https:\/\/api.w.org\/{rel}","templated":true}]}}