{"id":257,"date":"2021-04-07T20:01:45","date_gmt":"2021-04-07T20:01:45","guid":{"rendered":"https:\/\/krdevices.com\/inicio\/?page_id=257"},"modified":"2021-04-07T20:01:46","modified_gmt":"2021-04-07T20:01:46","slug":"kr-d-12-a","status":"publish","type":"page","link":"https:\/\/krdevices.com\/inicio\/index.php\/kr-d-12-a\/","title":{"rendered":"KR-D-12-A"},"content":{"rendered":"\n<div class=\"wp-block-media-text alignwide has-media-on-the-right is-stacked-on-mobile\"><figure class=\"wp-block-media-text__media\"><img loading=\"lazy\" decoding=\"async\" width=\"293\" height=\"206\" src=\"https:\/\/krdevices.com\/inicio\/wp-content\/uploads\/2021\/04\/Untitled4.png\" alt=\"\" class=\"wp-image-160 size-full\"\/><\/figure><div class=\"wp-block-media-text__content\">\n<p class=\"has-medium-font-size\">Permite el diagn\u00f3stico y calibraci\u00f3n de inyectores Common Rail \/ UIS \/ UPS<\/p>\n<\/div><\/div>\n\n\n\n<div style=\"height:62px\" aria-hidden=\"true\" class=\"wp-block-spacer\"><\/div>\n\n\n\n<div class=\"wp-block-columns is-layout-flex wp-container-core-columns-is-layout-9d6595d7 wp-block-columns-is-layout-flex\">\n<div class=\"wp-block-column is-layout-flow wp-block-column-is-layout-flow\">\n<h4 style=\"text-align: center;\">Resistencia<\/h4>\n<p style=\"text-align: center;\">Mide la resistencia del elemento actuador del inyector<\/p>\n<\/div>\n\n\n\n<div class=\"wp-block-column is-layout-flow wp-block-column-is-layout-flow\">\n<h4 style=\"text-align: center;\">Aislaci\u00f3n<\/h4>\n<p style=\"text-align: center;\">Verifica fuga a chasis del inyector. Ensayo de aislaci\u00f3n.<\/p>\n<\/div>\n\n\n\n<div class=\"wp-block-column is-layout-flow wp-block-column-is-layout-flow\">\n<h4 style=\"text-align: center;\">Inductancia<\/h4>\n<p style=\"text-align: center;\">Mide la inductancia de solenoides<\/p>\n<\/div>\n<\/div>\n\n\n\n<div class=\"wp-block-columns is-layout-flex wp-container-core-columns-is-layout-9d6595d7 wp-block-columns-is-layout-flex\">\n<div class=\"wp-block-column is-layout-flow wp-block-column-is-layout-flow\">\n<h4 style=\"text-align: center;\">Atracamiento CR<\/h4>\n<p style=\"text-align: center;\">Punto de atracamiento autom\u00e1tico sobre inyectores Common Rail<\/p>\n<\/div>\n\n\n\n<div class=\"wp-block-column is-layout-flow wp-block-column-is-layout-flow\">\n<h4 style=\"text-align: center;\">Capacidad<\/h4>\n<p style=\"text-align: center;\">Mide la capacidad de actuadores piezo el\u00e9ctricos<\/p>\n<\/div>\n\n\n\n<div class=\"wp-block-column is-layout-flow wp-block-column-is-layout-flow\">\n<h4 style=\"text-align: center;\">Atracamiento PLD<\/h4>\n<p style=\"text-align: center;\">Punto de atracamiento autom\u00e1tico sobre inyectores PLD<\/p>\n<\/div>\n<\/div>\n\n\n\n<div class=\"wp-block-cover alignfull has-nv-light-bg-background-color has-background-dim\" style=\"min-height:600px;aspect-ratio:unset;\"><div class=\"wp-block-cover__inner-container is-layout-flow wp-block-cover-is-layout-flow\">\n<div class=\"wp-block-group\"><div class=\"wp-block-group__inner-container is-layout-flow wp-block-group-is-layout-flow\">\n<div style=\"height:16px\" aria-hidden=\"true\" class=\"wp-block-spacer\"><\/div>\n\n\n\n<div class=\"wp-block-columns is-layout-flex wp-container-core-columns-is-layout-9d6595d7 wp-block-columns-is-layout-flex\">\n<div class=\"wp-block-column is-layout-flow wp-block-column-is-layout-flow\" style=\"flex-basis:66.79%\">\n<div class=\"wp-block-image\"><figure class=\"aligncenter size-large is-resized\"><img loading=\"lazy\" decoding=\"async\" src=\"https:\/\/krdevices.com\/inicio\/wp-content\/uploads\/2021\/04\/20190913_154601-red.jpg\" alt=\"\" class=\"wp-image-51\" width=\"363\" height=\"310\"\/><\/figure><\/div>\n\n\n\n<p class=\"has-text-align-center has-neve-text-color-color has-text-color has-medium-font-size\"><strong>Todas la funciones en un mismo equipo. <\/strong><\/p>\n\n\n\n<p class=\"has-text-align-center has-neve-text-color-color has-text-color has-medium-font-size\"><strong>Reduce tiempos de reparaci\u00f3n y disminuye el retrabajo de calibraci\u00f3n  <\/strong><\/p>\n<\/div>\n\n\n\n<div class=\"wp-block-column is-layout-flow wp-block-column-is-layout-flow\" style=\"flex-basis:34%\">\n<p class=\"has-neve-text-color-color has-text-color\"><strong>Impulsor <\/strong>: Funci\u00f3n de impulsor para ensayos sobre probador manual de presi\u00f3n<\/p>\n\n\n\n<p class=\"has-neve-text-color-color has-text-color\"><strong>Pulsos de retenci\u00f3n:<\/strong> Para realizar mediciones y ajustes sobre la 3ra etapa del inyector.<\/p>\n\n\n\n<div class=\"wp-block-buttons is-layout-flex wp-block-buttons-is-layout-flex\"><\/div>\n\n\n\n<hr class=\"wp-block-separator is-style-wide\"\/>\n<\/div>\n<\/div>\n<\/div><\/div>\n<\/div><\/div>\n\n\n\n<div style=\"height:36px\" aria-hidden=\"true\" class=\"wp-block-spacer\"><\/div>\n\n\n\n<h2 class=\"wp-block-heading\">Cables Incluidos<\/h2>\n\n\n\n<div style=\"height:36px\" aria-hidden=\"true\" class=\"wp-block-spacer\"><\/div>\n\n\n\n<div class=\"wp-block-columns is-layout-flex wp-container-core-columns-is-layout-9d6595d7 wp-block-columns-is-layout-flex\">\n<div class=\"wp-block-column is-layout-flow wp-block-column-is-layout-flow\">\n<h4 style=\"text-align: center;\">Inyector<\/h4>\n<\/div>\n\n\n\n<div class=\"wp-block-column is-layout-flow wp-block-column-is-layout-flow\">\n<h4 style=\"text-align: center;\">Medici\u00f3n de Aislaci\u00f3n<\/h4>\n<\/div>\n\n\n\n<div class=\"wp-block-column is-layout-flow wp-block-column-is-layout-flow\">\n<h4 style=\"text-align: center;\">Control tobera<\/h4>\n<\/div>\n\n\n\n<div class=\"wp-block-column is-layout-flow wp-block-column-is-layout-flow\">\n<h4 style=\"text-align: center;\">Conectores<\/h4>\n<\/div>\n<\/div>\n\n\n\n<div class=\"wp-block-cover alignfull has-nv-dark-bg-background-color has-background-dim\" style=\"min-height:320px;aspect-ratio:unset;\"><div class=\"wp-block-cover__inner-container is-layout-flow wp-block-cover-is-layout-flow\">\n<div style=\"height:13px\" aria-hidden=\"true\" class=\"wp-block-spacer\"><\/div>\n\n\n\n<h2 class=\"has-text-align-center has-nv-text-dark-bg-color has-text-color wp-block-heading\">ACTUALIZABLE<\/h2>\n\n\n\n<p class=\"has-text-align-center has-medium-font-size\">Estamos en continuo desarrollo de nuevas funcionalidades. Nuevos men\u00fas significa nuevos sistemas de inyecci\u00f3n que usted podr\u00e1 verificar.<\/p>\n\n\n\n<div class=\"wp-block-buttons is-content-justification-center is-layout-flex wp-block-buttons-is-layout-flex\"><\/div>\n\n\n\n<div style=\"height:8px\" aria-hidden=\"true\" class=\"wp-block-spacer\"><\/div>\n<\/div><\/div>\n","protected":false},"excerpt":{"rendered":"<p>Permite el diagn\u00f3stico y calibraci\u00f3n de inyectores Common Rail \/ UIS \/ UPS Resistencia Mide la resistencia del elemento actuador del inyector Aislaci\u00f3n Verifica fuga a chasis del inyector. Ensayo de aislaci\u00f3n. Inductancia Mide la inductancia de solenoides Atracamiento CR Punto de atracamiento autom\u00e1tico sobre inyectores Common Rail Capacidad Mide la capacidad de actuadores piezo&hellip;&nbsp;<a href=\"https:\/\/krdevices.com\/inicio\/index.php\/kr-d-12-a\/\" class=\"\" rel=\"bookmark\">Leer m\u00e1s &raquo;<span class=\"screen-reader-text\">KR-D-12-A<\/span><\/a><\/p>\n","protected":false},"author":1,"featured_media":0,"parent":0,"menu_order":0,"comment_status":"closed","ping_status":"closed","template":"","meta":{"om_disable_all_campaigns":false,"_monsterinsights_skip_tracking":false,"_monsterinsights_sitenote_active":false,"_monsterinsights_sitenote_note":"","_monsterinsights_sitenote_category":0,"neve_meta_sidebar":"full-width","neve_meta_container":"","neve_meta_enable_content_width":"on","neve_meta_content_width":100,"neve_meta_title_alignment":"","neve_meta_author_avatar":"","neve_post_elements_order":"","neve_meta_disable_header":"","neve_meta_disable_footer":"","neve_meta_disable_title":"","footnotes":""},"class_list":["post-257","page","type-page","status-publish","hentry"],"aioseo_notices":[],"_links":{"self":[{"href":"https:\/\/krdevices.com\/inicio\/index.php\/wp-json\/wp\/v2\/pages\/257","targetHints":{"allow":["GET"]}}],"collection":[{"href":"https:\/\/krdevices.com\/inicio\/index.php\/wp-json\/wp\/v2\/pages"}],"about":[{"href":"https:\/\/krdevices.com\/inicio\/index.php\/wp-json\/wp\/v2\/types\/page"}],"author":[{"embeddable":true,"href":"https:\/\/krdevices.com\/inicio\/index.php\/wp-json\/wp\/v2\/users\/1"}],"replies":[{"embeddable":true,"href":"https:\/\/krdevices.com\/inicio\/index.php\/wp-json\/wp\/v2\/comments?post=257"}],"version-history":[{"count":1,"href":"https:\/\/krdevices.com\/inicio\/index.php\/wp-json\/wp\/v2\/pages\/257\/revisions"}],"predecessor-version":[{"id":258,"href":"https:\/\/krdevices.com\/inicio\/index.php\/wp-json\/wp\/v2\/pages\/257\/revisions\/258"}],"wp:attachment":[{"href":"https:\/\/krdevices.com\/inicio\/index.php\/wp-json\/wp\/v2\/media?parent=257"}],"curies":[{"name":"wp","href":"https:\/\/api.w.org\/{rel}","templated":true}]}}