{"id":138,"date":"2021-04-06T22:45:44","date_gmt":"2021-04-06T22:45:44","guid":{"rendered":"https:\/\/krdevices.com\/inicio\/?page_id=138"},"modified":"2024-01-04T16:27:38","modified_gmt":"2024-01-04T19:27:38","slug":"productos","status":"publish","type":"page","link":"https:\/\/krdevices.com\/inicio\/index.php\/productos\/","title":{"rendered":"Productos"},"content":{"rendered":"\n<figure class=\"wp-block-pullquote\"><blockquote><p>Amplia gama de soluciones para los especialistas en inyecci\u00f3n diesel<\/p><cite><strong>Aplicaciones para autos, camionetas, camiones, maquinaria agr\u00edcola, maquinar\u00eda vial y de miner\u00eda, grupos electr\u00f3genos y muchos m\u00e1s&#8230;<\/strong><\/cite><\/blockquote><\/figure>\n\n\n\n<div class=\"wp-block-columns is-layout-flex wp-container-core-columns-is-layout-9d6595d7 wp-block-columns-is-layout-flex\">\n<div class=\"wp-block-column is-vertically-aligned-center is-layout-flow wp-block-column-is-layout-flow\">\n<div class=\"wp-block-buttons alignfull is-horizontal is-content-justification-center is-layout-flex wp-container-core-buttons-is-layout-499968f5 wp-block-buttons-is-layout-flex\">\n<div class=\"wp-block-button is-style-primary\"><a class=\"wp-block-button__link wp-element-button\" href=\"https:\/\/krdevices.com\/inicio\/index.php\/porfolio\/\">Equipos Electr\u00f3nicos<\/a><\/div>\n\n\n\n<div class=\"wp-block-button is-style-primary\"><a class=\"wp-block-button__link wp-element-button\" href=\"https:\/\/krdevices.com\/inicio\/index.php\/herramientas\/\">Herramientas Manuales<\/a><\/div>\n<\/div>\n\n\n\n<p><\/p>\n<\/div>\n<\/div>\n\n\n\n<div class=\"wp-block-cover alignfull\" style=\"min-height:350px;aspect-ratio:unset;\"><span aria-hidden=\"true\" class=\"wp-block-cover__background has-nv-light-bg-background-color has-background-dim-100 has-background-dim\"><\/span><div class=\"wp-block-cover__inner-container is-layout-flow wp-block-cover-is-layout-flow\">\n<div class=\"wp-block-group\"><div class=\"wp-block-group__inner-container is-layout-flow wp-block-group-is-layout-flow\">\n<div class=\"wp-block-columns are-vertically-aligned-center is-layout-flex wp-container-core-columns-is-layout-9d6595d7 wp-block-columns-is-layout-flex\">\n<div class=\"wp-block-column is-vertically-aligned-center is-layout-flow wp-block-column-is-layout-flow\" style=\"flex-basis:50%\"><div class=\"wp-block-image is-style-rounded\">\n<figure class=\"aligncenter size-large\"><img loading=\"lazy\" decoding=\"async\" width=\"350\" height=\"263\" src=\"https:\/\/krdevices.com\/inicio\/wp-content\/uploads\/2021\/04\/20190913_154601-red.jpg\" alt=\"\" class=\"wp-image-51\" srcset=\"https:\/\/krdevices.com\/inicio\/wp-content\/uploads\/2021\/04\/20190913_154601-red.jpg 350w, https:\/\/krdevices.com\/inicio\/wp-content\/uploads\/2021\/04\/20190913_154601-red-300x225.jpg 300w\" sizes=\"auto, (max-width: 350px) 100vw, 350px\" \/><\/figure>\n<\/div><\/div>\n\n\n\n<div class=\"wp-block-column is-vertically-aligned-center is-layout-flow wp-block-column-is-layout-flow\" style=\"flex-basis:50%\">\n<h2 class=\"wp-block-heading has-text-align-left has-neve-text-color-color has-text-color\">Cat\u00e1logo <\/h2>\n\n\n\n<p class=\"has-text-align-left has-neve-text-color-color has-text-color\" style=\"font-size:17px\">Conozca todos nuestros productos en nuestro cat\u00e1logo digital<\/p>\n\n\n\n<div class=\"wp-block-file\"><a id=\"wp-block-file--media-2bb04e80-6d4e-461c-918f-7dd95eda5f6f\" href=\"https:\/\/krdevices.com\/inicio\/wp-content\/uploads\/2024\/01\/CATALOGO-KR-Devices-N\u00b01-24.pdf\">CATALOGO KR Devices N\u00b01-24<\/a><a href=\"https:\/\/krdevices.com\/inicio\/wp-content\/uploads\/2024\/01\/CATALOGO-KR-Devices-N\u00b01-24.pdf\" class=\"wp-block-file__button wp-element-button\" download aria-describedby=\"wp-block-file--media-2bb04e80-6d4e-461c-918f-7dd95eda5f6f\">Descarga<\/a><\/div>\n<\/div>\n<\/div>\n<\/div><\/div>\n<\/div><\/div>\n","protected":false},"excerpt":{"rendered":"<p>Amplia gama de soluciones para los especialistas en inyecci\u00f3n diesel Aplicaciones para autos, camionetas, camiones, maquinaria agr\u00edcola, maquinar\u00eda vial y de miner\u00eda, grupos electr\u00f3genos y muchos m\u00e1s&#8230;<\/p>\n","protected":false},"author":1,"featured_media":0,"parent":0,"menu_order":0,"comment_status":"closed","ping_status":"closed","template":"","meta":{"om_disable_all_campaigns":false,"_monsterinsights_skip_tracking":false,"_monsterinsights_sitenote_active":false,"_monsterinsights_sitenote_note":"","_monsterinsights_sitenote_category":0,"neve_meta_sidebar":"full-width","neve_meta_container":"","neve_meta_enable_content_width":"on","neve_meta_content_width":100,"neve_meta_title_alignment":"","neve_meta_author_avatar":"","neve_post_elements_order":"","neve_meta_disable_header":"","neve_meta_disable_footer":"","neve_meta_disable_title":"","footnotes":""},"class_list":["post-138","page","type-page","status-publish","hentry"],"aioseo_notices":[],"_links":{"self":[{"href":"https:\/\/krdevices.com\/inicio\/index.php\/wp-json\/wp\/v2\/pages\/138","targetHints":{"allow":["GET"]}}],"collection":[{"href":"https:\/\/krdevices.com\/inicio\/index.php\/wp-json\/wp\/v2\/pages"}],"about":[{"href":"https:\/\/krdevices.com\/inicio\/index.php\/wp-json\/wp\/v2\/types\/page"}],"author":[{"embeddable":true,"href":"https:\/\/krdevices.com\/inicio\/index.php\/wp-json\/wp\/v2\/users\/1"}],"replies":[{"embeddable":true,"href":"https:\/\/krdevices.com\/inicio\/index.php\/wp-json\/wp\/v2\/comments?post=138"}],"version-history":[{"count":19,"href":"https:\/\/krdevices.com\/inicio\/index.php\/wp-json\/wp\/v2\/pages\/138\/revisions"}],"predecessor-version":[{"id":1069,"href":"https:\/\/krdevices.com\/inicio\/index.php\/wp-json\/wp\/v2\/pages\/138\/revisions\/1069"}],"wp:attachment":[{"href":"https:\/\/krdevices.com\/inicio\/index.php\/wp-json\/wp\/v2\/media?parent=138"}],"curies":[{"name":"wp","href":"https:\/\/api.w.org\/{rel}","templated":true}]}}