{"id":135,"date":"2021-04-06T22:44:23","date_gmt":"2021-04-06T22:44:23","guid":{"rendered":"https:\/\/krdevices.com\/inicio\/?page_id=135"},"modified":"2024-01-04T16:40:59","modified_gmt":"2024-01-04T19:40:59","slug":"herramientas","status":"publish","type":"page","link":"https:\/\/krdevices.com\/inicio\/index.php\/herramientas\/","title":{"rendered":"Herramientas"},"content":{"rendered":"\n<div class=\"wp-block-columns is-layout-flex wp-container-core-columns-is-layout-9d6595d7 wp-block-columns-is-layout-flex\">\n<div class=\"wp-block-column is-layout-flow wp-block-column-is-layout-flow\">\n<figure class=\"wp-block-pullquote\"><blockquote><p>Dise\u00f1amos y fabricamos herramientas manuales para el desarme, armado, diagn\u00f3stico, medici\u00f3n y calibraci\u00f3n de inyectores y bombas de inyecci\u00f3n diesel.<\/p><\/blockquote><\/figure>\n\n\n\n<div style=\"height:20px\" aria-hidden=\"true\" class=\"wp-block-spacer\"><\/div>\n\n\n\n<div class=\"wp-block-buttons alignfull is-horizontal is-content-justification-center is-layout-flex wp-container-core-buttons-is-layout-499968f5 wp-block-buttons-is-layout-flex\">\n<div class=\"wp-block-button is-style-primary\"><a class=\"wp-block-button__link wp-element-button\" href=\"https:\/\/krdevices.com\/inicio\/index.php\/inyectores\/\">Herramientas para Inyectores<\/a><\/div>\n\n\n\n<div class=\"wp-block-button is-style-primary\"><a class=\"wp-block-button__link wp-element-button\" href=\"https:\/\/krdevices.com\/inicio\/index.php\/bombas-de-alta-presion\/\">Herramientas para Bombas <\/a><\/div>\n<\/div>\n\n\n\n<p><\/p>\n<\/div>\n<\/div>\n","protected":false},"excerpt":{"rendered":"<p>Dise\u00f1amos y fabricamos herramientas manuales para el desarme, armado, diagn\u00f3stico, medici\u00f3n y calibraci\u00f3n de inyectores y bombas de inyecci\u00f3n diesel.<\/p>\n","protected":false},"author":1,"featured_media":0,"parent":0,"menu_order":0,"comment_status":"closed","ping_status":"closed","template":"","meta":{"om_disable_all_campaigns":false,"_monsterinsights_skip_tracking":false,"_monsterinsights_sitenote_active":false,"_monsterinsights_sitenote_note":"","_monsterinsights_sitenote_category":0,"neve_meta_sidebar":"full-width","neve_meta_container":"","neve_meta_enable_content_width":"on","neve_meta_content_width":100,"neve_meta_title_alignment":"","neve_meta_author_avatar":"","neve_post_elements_order":"","neve_meta_disable_header":"","neve_meta_disable_footer":"","neve_meta_disable_title":"","footnotes":""},"class_list":["post-135","page","type-page","status-publish","hentry"],"aioseo_notices":[],"_links":{"self":[{"href":"https:\/\/krdevices.com\/inicio\/index.php\/wp-json\/wp\/v2\/pages\/135","targetHints":{"allow":["GET"]}}],"collection":[{"href":"https:\/\/krdevices.com\/inicio\/index.php\/wp-json\/wp\/v2\/pages"}],"about":[{"href":"https:\/\/krdevices.com\/inicio\/index.php\/wp-json\/wp\/v2\/types\/page"}],"author":[{"embeddable":true,"href":"https:\/\/krdevices.com\/inicio\/index.php\/wp-json\/wp\/v2\/users\/1"}],"replies":[{"embeddable":true,"href":"https:\/\/krdevices.com\/inicio\/index.php\/wp-json\/wp\/v2\/comments?post=135"}],"version-history":[{"count":10,"href":"https:\/\/krdevices.com\/inicio\/index.php\/wp-json\/wp\/v2\/pages\/135\/revisions"}],"predecessor-version":[{"id":1077,"href":"https:\/\/krdevices.com\/inicio\/index.php\/wp-json\/wp\/v2\/pages\/135\/revisions\/1077"}],"wp:attachment":[{"href":"https:\/\/krdevices.com\/inicio\/index.php\/wp-json\/wp\/v2\/media?parent=135"}],"curies":[{"name":"wp","href":"https:\/\/api.w.org\/{rel}","templated":true}]}}