{"id":117,"date":"2021-04-06T19:10:11","date_gmt":"2021-04-06T19:10:11","guid":{"rendered":"https:\/\/krdevices.com\/inicio\/?page_id=117"},"modified":"2024-01-10T13:13:55","modified_gmt":"2024-01-10T16:13:55","slug":"kr-d-05","status":"publish","type":"page","link":"https:\/\/krdevices.com\/inicio\/index.php\/kr-d-05\/","title":{"rendered":"KR-D-05-A"},"content":{"rendered":"\n<div class=\"wp-block-media-text alignwide is-stacked-on-mobile\"><figure class=\"wp-block-media-text__media\"><img loading=\"lazy\" decoding=\"async\" width=\"552\" height=\"295\" src=\"https:\/\/krdevices.com\/inicio\/wp-content\/uploads\/2021\/04\/Equipo-KRD05A_1C-1.jpg\" alt=\"\" class=\"wp-image-74 size-full\" srcset=\"https:\/\/krdevices.com\/inicio\/wp-content\/uploads\/2021\/04\/Equipo-KRD05A_1C-1.jpg 552w, https:\/\/krdevices.com\/inicio\/wp-content\/uploads\/2021\/04\/Equipo-KRD05A_1C-1-300x160.jpg 300w\" sizes=\"auto, (max-width: 552px) 100vw, 552px\" \/><\/figure><div class=\"wp-block-media-text__content\">\n<p class=\"has-medium-font-size\">Permite el ensayo de los componentes de Sistemas de inyecci\u00f3n Common Rail \/ UIS \/ UPS.<\/p>\n<\/div><\/div>\n\n\n\n<div style=\"height:62px\" aria-hidden=\"true\" class=\"wp-block-spacer\"><\/div>\n\n\n\n<div class=\"wp-block-columns is-layout-flex wp-container-core-columns-is-layout-9d6595d7 wp-block-columns-is-layout-flex\">\n<div class=\"wp-block-column is-layout-flow wp-block-column-is-layout-flow\">\n<h4 style=\"text-align: center;\">Common Rail<\/h4>\n<p style=\"text-align: center;\">Comprueba hasta 4 inyectores de forma simult\u00e1nea de todas las marcas. Inductivos y Piezoel\u00e9ctricos<\/p>\n<\/div>\n\n\n\n<div class=\"wp-block-column is-layout-flow wp-block-column-is-layout-flow\">\n<h4 style=\"text-align: center;\">UIS \/ UPS<\/h4>\n<p style=\"text-align: center;\">Permite comprobar inyectores bomba, UIS\/ UPS inductivos y piezo el\u00e9ctricos. Tambi\u00e9n los inyectores Delphi EUI de simple y doble bobina.<\/p>\n<\/div>\n\n\n\n<div class=\"wp-block-column is-layout-flow wp-block-column-is-layout-flow\">\n<h4 style=\"text-align: center;\">Electrov\u00e1lvulas<\/h4>\n<p style=\"text-align: center;\">Salidas para las electrov\u00e1lvulas de presi\u00f3n y caudal de bombas inyectoras. Hasta 4 salidas de forma simult\u00e1nea ( NUEVA FUNCION )<\/p>\n<\/div>\n<\/div>\n\n\n\n<div class=\"wp-block-columns is-layout-flex wp-container-core-columns-is-layout-9d6595d7 wp-block-columns-is-layout-flex\">\n<div class=\"wp-block-column is-layout-flow wp-block-column-is-layout-flow\">\n<h4 style=\"text-align: center;\">Pulsos<\/h4>\n<p style=\"text-align: center;\">Permite ajustar durante el ensayo, el ancho y la frecuencia del pulso. NOVEDAD: Permite ajustar el tiempo de ensayo cada 0,025mS. Adem\u00e1s permite variar la amplitud del pulso.<\/p>\n<\/div>\n\n\n\n<div class=\"wp-block-column is-layout-flow wp-block-column-is-layout-flow\">\n<h4 style=\"text-align: center;\">Sensores<\/h4>\n<p style=\"text-align: center;\">Lectura del sensor de presi\u00f3n, rpm (Cambox) y temperatura. Posibilidad de seleccionar distintos sensores (1500, 1800 y 2000 bares)<\/p>\n<\/div>\n\n\n\n<div class=\"wp-block-column is-layout-flow wp-block-column-is-layout-flow\">\n<h4 style=\"text-align: center;\">Autom\u00e1tico<\/h4>\n<p style=\"text-align: center;\">Sistema autom\u00e1tico de regulaci\u00f3n de presi\u00f3n. Tambi\u00e9n permite realizarlo de forma manual con 1000 puntos de regulaci\u00f3n.<\/p>\n<\/div>\n<\/div>\n\n\n\n<h3 class=\"has-text-align-center wp-block-heading\">Men\u00fa para bombas Common Rail<\/h3>\n\n\n\n<div class=\"wp-block-columns is-layout-flex wp-container-core-columns-is-layout-9d6595d7 wp-block-columns-is-layout-flex\">\n<div class=\"wp-block-column is-layout-flow wp-block-column-is-layout-flow\">\n<figure class=\"wp-block-pullquote\"><blockquote><p>Men\u00fa<\/p><p>General<\/p><cite>Para bombas asincronicas<\/cite><\/blockquote><\/figure>\n<\/div>\n\n\n\n<div class=\"wp-block-column is-layout-flow wp-block-column-is-layout-flow\">\n<figure class=\"wp-block-pullquote\"><blockquote><p>Men\u00fa <\/p><p>Bombas HP5 Denso<\/p><cite><a href=\"https:\/\/krdevices.com\/inicio\/index.php\/bombas-de-alta-presion\/\" title=\"\">Requiere KIT OPCIONAL<\/a><\/cite><\/blockquote><\/figure>\n<\/div>\n\n\n\n<div class=\"wp-block-column is-layout-flow wp-block-column-is-layout-flow\">\n<figure class=\"wp-block-pullquote\"><blockquote><p>Men\u00fa <\/p><p>Bombas Caterpillar <\/p><cite><a href=\"https:\/\/krdevices.com\/inicio\/index.php\/bombas-de-alta-presion\/\" title=\"\">REQUIERE KIT OPCIONAL<\/a><\/cite><\/blockquote><\/figure>\n<\/div>\n<\/div>\n\n\n\n<div class=\"wp-block-cover alignfull\" style=\"min-height:600px;aspect-ratio:unset;\"><span aria-hidden=\"true\" class=\"wp-block-cover__background has-nv-light-bg-background-color has-background-dim-100 has-background-dim\"><\/span><div class=\"wp-block-cover__inner-container is-layout-flow wp-block-cover-is-layout-flow\">\n<div class=\"wp-block-group\"><div class=\"wp-block-group__inner-container is-layout-flow wp-block-group-is-layout-flow\">\n<div style=\"height:16px\" aria-hidden=\"true\" class=\"wp-block-spacer\"><\/div>\n\n\n\n<div class=\"wp-block-columns is-layout-flex wp-container-core-columns-is-layout-9d6595d7 wp-block-columns-is-layout-flex\">\n<div class=\"wp-block-column is-layout-flow wp-block-column-is-layout-flow\" style=\"flex-basis:66.79%\">\n<figure class=\"wp-block-image size-large is-resized\"><img loading=\"lazy\" decoding=\"async\" src=\"https:\/\/krdevices.com\/inicio\/wp-content\/uploads\/2021\/04\/DSC_0259-red.jpg\" alt=\"\" class=\"wp-image-213\" width=\"718\" height=\"288\" srcset=\"https:\/\/krdevices.com\/inicio\/wp-content\/uploads\/2021\/04\/DSC_0259-red.jpg 471w, https:\/\/krdevices.com\/inicio\/wp-content\/uploads\/2021\/04\/DSC_0259-red-300x120.jpg 300w\" sizes=\"auto, (max-width: 718px) 100vw, 718px\" \/><\/figure>\n<\/div>\n\n\n\n<div class=\"wp-block-column is-layout-flow wp-block-column-is-layout-flow\" style=\"flex-basis:34%\">\n<p class=\"has-neve-text-color-color has-text-color\">Su pantalla de 5&#8243; a color le permite ver todos los par\u00e1metros de forma clara.  <\/p>\n\n\n\n<p class=\"has-neve-text-color-color has-text-color\">Gracias a sus protecciones electr\u00f3nica no deber\u00e1 cambiar nunca m\u00e1s un solo fusible. El equipo le avisar\u00e1 por pantalla cuando exista algo que revisar.<\/p>\n\n\n\n<div class=\"wp-block-buttons is-layout-flex wp-block-buttons-is-layout-flex\"><\/div>\n\n\n\n<hr class=\"wp-block-separator has-css-opacity is-style-wide\"\/>\n<\/div>\n<\/div>\n<\/div><\/div>\n<\/div><\/div>\n\n\n\n<div style=\"height:36px\" aria-hidden=\"true\" class=\"wp-block-spacer\"><\/div>\n\n\n\n<h2 class=\"wp-block-heading\">Cables Incluidos<\/h2>\n\n\n\n<div style=\"height:36px\" aria-hidden=\"true\" class=\"wp-block-spacer\"><\/div>\n\n\n\n<div class=\"wp-block-columns is-layout-flex wp-container-core-columns-is-layout-9d6595d7 wp-block-columns-is-layout-flex\">\n<div class=\"wp-block-column is-layout-flow wp-block-column-is-layout-flow\">\n<h4 style=\"text-align: center;\">Inyectores<\/h4>\n\n\n<div class=\"wp-block-image\">\n<figure class=\"aligncenter size-large is-resized\"><img loading=\"lazy\" decoding=\"async\" src=\"https:\/\/krdevices.com\/inicio\/wp-content\/uploads\/2021\/04\/Maso-inyectores-red.png\" alt=\"\" class=\"wp-image-216\" width=\"170\" height=\"244\"\/><\/figure>\n<\/div><\/div>\n\n\n\n<div class=\"wp-block-column is-layout-flow wp-block-column-is-layout-flow\">\n<h4 style=\"text-align: center;\">Electrov\u00e1lvulas<\/h4>\n\n\n<div class=\"wp-block-image\">\n<figure class=\"aligncenter size-large is-resized\"><img loading=\"lazy\" decoding=\"async\" src=\"https:\/\/krdevices.com\/inicio\/wp-content\/uploads\/2021\/04\/maso-P-y-Q-red.png\" alt=\"\" class=\"wp-image-217\" width=\"156\" height=\"180\"\/><\/figure>\n<\/div><\/div>\n\n\n\n<div class=\"wp-block-column is-layout-flow wp-block-column-is-layout-flow\">\n<h4 style=\"text-align: center;\">Sensores<\/h4>\n\n\n<div class=\"wp-block-image\">\n<figure class=\"aligncenter size-large is-resized\"><img loading=\"lazy\" decoding=\"async\" src=\"https:\/\/krdevices.com\/inicio\/wp-content\/uploads\/2021\/04\/maso-sensores-v1-red.png\" alt=\"\" class=\"wp-image-218\" width=\"165\" height=\"190\"\/><\/figure>\n<\/div><\/div>\n\n\n\n<div class=\"wp-block-column is-layout-flow wp-block-column-is-layout-flow\">\n<h4 style=\"text-align: center;\">Conectores<\/h4>\n\n\n<div class=\"wp-block-image\">\n<figure class=\"aligncenter size-large\"><img loading=\"lazy\" decoding=\"async\" width=\"399\" height=\"321\" src=\"https:\/\/krdevices.com\/inicio\/wp-content\/uploads\/2021\/04\/conjunto-cables-en-maletin-v2.png\" alt=\"\" class=\"wp-image-219\" srcset=\"https:\/\/krdevices.com\/inicio\/wp-content\/uploads\/2021\/04\/conjunto-cables-en-maletin-v2.png 399w, https:\/\/krdevices.com\/inicio\/wp-content\/uploads\/2021\/04\/conjunto-cables-en-maletin-v2-300x241.png 300w\" sizes=\"auto, (max-width: 399px) 100vw, 399px\" \/><\/figure>\n<\/div><\/div>\n<\/div>\n\n\n\n<div class=\"wp-block-cover alignfull\" style=\"min-height:320px;aspect-ratio:unset;\"><span aria-hidden=\"true\" class=\"wp-block-cover__background has-nv-dark-bg-background-color has-background-dim-100 has-background-dim\"><\/span><div class=\"wp-block-cover__inner-container is-layout-flow wp-block-cover-is-layout-flow\">\n<div style=\"height:13px\" aria-hidden=\"true\" class=\"wp-block-spacer\"><\/div>\n\n\n\n<h2 class=\"has-text-align-center has-nv-text-dark-bg-color has-text-color wp-block-heading\">ACTUALIZABLE<\/h2>\n\n\n\n<p class=\"has-text-align-center has-medium-font-size\">Estamos en continuo desarrollo de nuevas funcionalidades. Nuevos men\u00fas significa nuevos sistemas de inyecci\u00f3n que usted podr\u00e1 verificar.<\/p>\n\n\n\n<div class=\"wp-block-buttons is-horizontal is-content-justification-center is-layout-flex wp-container-core-buttons-is-layout-499968f5 wp-block-buttons-is-layout-flex\"><\/div>\n\n\n\n<div style=\"height:8px\" aria-hidden=\"true\" class=\"wp-block-spacer\"><\/div>\n<\/div><\/div>\n\n\n\n<div style=\"height:100px\" aria-hidden=\"true\" class=\"wp-block-spacer\"><\/div>\n\n\n\n<div class=\"wp-block-columns is-layout-flex wp-container-core-columns-is-layout-9d6595d7 wp-block-columns-is-layout-flex\">\n<div class=\"wp-block-column is-vertically-aligned-center is-layout-flow wp-block-column-is-layout-flow\"><div class=\"lyte-wrapper fourthree\" style=\"width:420px;max-width:100%;margin:5px;\"><div class=\"lyMe\" id=\"WYL_ZeMPP2yHgsw\"><div id=\"lyte_ZeMPP2yHgsw\" data-src=\"\/\/i.ytimg.com\/vi\/ZeMPP2yHgsw\/hqdefault.jpg\" class=\"pL\"><div class=\"tC\"><div class=\"tT\"><\/div><\/div><div class=\"play\"><\/div><div class=\"ctrl\"><div class=\"Lctrl\"><\/div><div class=\"Rctrl\"><\/div><\/div><\/div><noscript><a href=\"https:\/\/youtu.be\/ZeMPP2yHgsw\" rel=\"nofollow\"><img loading=\"lazy\" decoding=\"async\" src=\"https:\/\/i.ytimg.com\/vi\/ZeMPP2yHgsw\/0.jpg\" alt=\"\" width=\"420\" height=\"295\" \/><br \/>Ver este v\u00eddeo en YouTube<\/a><\/noscript><\/div><\/div><div class=\"lL\" style=\"max-width:100%;width:420px;margin:5px;\"><\/div>\n<\/div>\n\n\n\n<div class=\"wp-block-column is-layout-flow wp-block-column-is-layout-flow\"><div class=\"lyte-wrapper fourthree\" style=\"width:420px;max-width:100%;margin:5px;\"><div class=\"lyMe\" id=\"WYL_ixdPsza6neo\"><div id=\"lyte_ixdPsza6neo\" data-src=\"\/\/i.ytimg.com\/vi\/ixdPsza6neo\/hqdefault.jpg\" class=\"pL\"><div class=\"tC\"><div class=\"tT\"><\/div><\/div><div class=\"play\"><\/div><div class=\"ctrl\"><div class=\"Lctrl\"><\/div><div class=\"Rctrl\"><\/div><\/div><\/div><noscript><a href=\"https:\/\/youtu.be\/ixdPsza6neo\" rel=\"nofollow\"><img loading=\"lazy\" decoding=\"async\" src=\"https:\/\/i.ytimg.com\/vi\/ixdPsza6neo\/0.jpg\" alt=\"\" width=\"420\" height=\"295\" \/><br \/>Ver este v\u00eddeo en YouTube<\/a><\/noscript><\/div><\/div><div class=\"lL\" style=\"max-width:100%;width:420px;margin:5px;\"><\/div>\n<\/div>\n<\/div>\n\n\n\n<div style=\"height:150px\" aria-hidden=\"true\" class=\"wp-block-spacer\"><\/div>\n","protected":false},"excerpt":{"rendered":"<p>Permite el ensayo de los componentes de Sistemas de inyecci\u00f3n Common Rail \/ UIS \/ UPS. Common Rail Comprueba hasta 4 inyectores de forma simult\u00e1nea de todas las marcas. Inductivos y Piezoel\u00e9ctricos UIS \/ UPS Permite comprobar inyectores bomba, UIS\/ UPS inductivos y piezo el\u00e9ctricos. Tambi\u00e9n los inyectores Delphi EUI de simple y doble bobina.&hellip;&nbsp;<a href=\"https:\/\/krdevices.com\/inicio\/index.php\/kr-d-05\/\" class=\"\" rel=\"bookmark\">Leer m\u00e1s &raquo;<span class=\"screen-reader-text\">KR-D-05-A<\/span><\/a><\/p>\n","protected":false},"author":1,"featured_media":0,"parent":0,"menu_order":0,"comment_status":"closed","ping_status":"closed","template":"","meta":{"om_disable_all_campaigns":false,"_monsterinsights_skip_tracking":false,"_monsterinsights_sitenote_active":false,"_monsterinsights_sitenote_note":"","_monsterinsights_sitenote_category":0,"neve_meta_sidebar":"full-width","neve_meta_container":"","neve_meta_enable_content_width":"on","neve_meta_content_width":100,"neve_meta_title_alignment":"","neve_meta_author_avatar":"","neve_post_elements_order":"","neve_meta_disable_header":"","neve_meta_disable_footer":"","neve_meta_disable_title":"","footnotes":""},"class_list":["post-117","page","type-page","status-publish","hentry"],"aioseo_notices":[],"_links":{"self":[{"href":"https:\/\/krdevices.com\/inicio\/index.php\/wp-json\/wp\/v2\/pages\/117","targetHints":{"allow":["GET"]}}],"collection":[{"href":"https:\/\/krdevices.com\/inicio\/index.php\/wp-json\/wp\/v2\/pages"}],"about":[{"href":"https:\/\/krdevices.com\/inicio\/index.php\/wp-json\/wp\/v2\/types\/page"}],"author":[{"embeddable":true,"href":"https:\/\/krdevices.com\/inicio\/index.php\/wp-json\/wp\/v2\/users\/1"}],"replies":[{"embeddable":true,"href":"https:\/\/krdevices.com\/inicio\/index.php\/wp-json\/wp\/v2\/comments?post=117"}],"version-history":[{"count":20,"href":"https:\/\/krdevices.com\/inicio\/index.php\/wp-json\/wp\/v2\/pages\/117\/revisions"}],"predecessor-version":[{"id":1119,"href":"https:\/\/krdevices.com\/inicio\/index.php\/wp-json\/wp\/v2\/pages\/117\/revisions\/1119"}],"wp:attachment":[{"href":"https:\/\/krdevices.com\/inicio\/index.php\/wp-json\/wp\/v2\/media?parent=117"}],"curies":[{"name":"wp","href":"https:\/\/api.w.org\/{rel}","templated":true}]}}